{"id":132,"date":"2022-11-08T15:54:33","date_gmt":"2022-11-08T14:54:33","guid":{"rendered":"https:\/\/www.colegiosantaana.es\/wordpress\/?page_id=132"},"modified":"2024-07-22T08:28:56","modified_gmt":"2024-07-22T06:28:56","slug":"orientacion","status":"publish","type":"page","link":"https:\/\/www.colegiosantaana.es\/wordpress\/orientacion\/","title":{"rendered":"Orientaci\u00f3n"},"content":{"rendered":"\n<p class=\"has-text-align-center\"><strong><a href=\"https:\/\/docs.google.com\/document\/d\/1kTw4B3xfsrJJH900MNkpxKAm6UeQ7U7V\/edit?usp=sharing&amp;ouid=100312455797782867605&amp;rtpof=true&amp;sd=true\">PLAN DE ORIENTACI\u00d3N EDUCATIVA COLEGIO SANTA ANA Y SAN JOS\u00c9 DE LA MONTA\u00d1A &#8211; ALBAL 46000249<\/a><\/strong><\/p>\n\n\n\n<p class=\"has-text-align-center\"><strong><a href=\"https:\/\/docs.google.com\/document\/d\/1q54D3Ekjb_lJj74y1kYAYWDahyntD2NK\/edit?usp=sharing&amp;ouid=100312455797782867605&amp;rtpof=true&amp;sd=true\">PLAN DE ACTIVIDADES DEL DEPARTAMENTO DE ORIENTACI\u00d3N EDUCATIVA<\/a><\/strong><\/p>\n","protected":false},"excerpt":{"rendered":"<p>PLAN DE ORIENTACI\u00d3N EDUCATIVA COLEGIO SANTA ANA Y SAN JOS\u00c9 DE LA MONTA\u00d1A &#8211; ALBAL 46000249 PLAN DE ACTIVIDADES DEL DEPARTAMENTO DE ORIENTACI\u00d3N EDUCATIVA<\/p>\n","protected":false},"author":1,"featured_media":0,"parent":0,"menu_order":0,"comment_status":"closed","ping_status":"closed","template":"","meta":{"footnotes":""},"class_list":["post-132","page","type-page","status-publish"],"_links":{"self":[{"href":"https:\/\/www.colegiosantaana.es\/wordpress\/wp-json\/wp\/v2\/pages\/132","targetHints":{"allow":["GET"]}}],"collection":[{"href":"https:\/\/www.colegiosantaana.es\/wordpress\/wp-json\/wp\/v2\/pages"}],"about":[{"href":"https:\/\/www.colegiosantaana.es\/wordpress\/wp-json\/wp\/v2\/types\/page"}],"author":[{"embeddable":true,"href":"https:\/\/www.colegiosantaana.es\/wordpress\/wp-json\/wp\/v2\/users\/1"}],"replies":[{"embeddable":true,"href":"https:\/\/www.colegiosantaana.es\/wordpress\/wp-json\/wp\/v2\/comments?post=132"}],"version-history":[{"count":3,"href":"https:\/\/www.colegiosantaana.es\/wordpress\/wp-json\/wp\/v2\/pages\/132\/revisions"}],"predecessor-version":[{"id":718,"href":"https:\/\/www.colegiosantaana.es\/wordpress\/wp-json\/wp\/v2\/pages\/132\/revisions\/718"}],"wp:attachment":[{"href":"https:\/\/www.colegiosantaana.es\/wordpress\/wp-json\/wp\/v2\/media?parent=132"}],"curies":[{"name":"wp","href":"https:\/\/api.w.org\/{rel}","templated":true}]}}