{"id":192,"date":"2022-11-09T15:59:09","date_gmt":"2022-11-09T14:59:09","guid":{"rendered":"https:\/\/www.colegiosantaana.es\/wordpress\/?page_id=192"},"modified":"2025-09-05T09:53:45","modified_gmt":"2025-09-05T07:53:45","slug":"home","status":"publish","type":"page","link":"https:\/\/www.colegiosantaana.es\/wordpress\/","title":{"rendered":"Inicio"},"content":{"rendered":"\n\n\n\n<div class=\"wp-block-columns alignwide is-layout-flex wp-container-core-columns-is-layout-9d6595d7 wp-block-columns-is-layout-flex\">\n<div class=\"wp-block-column has-base-3-background-color has-text-color has-background has-link-color wp-elements-abb0ce25a4eef9b1f2258a202d5b5c7b is-layout-flow wp-block-column-is-layout-flow\" style=\"color:#000000;padding-top:2em;padding-right:2em;padding-bottom:2em;padding-left:2em\">\n<figure class=\"wp-block-image size-large\"><a href=\"https:\/\/www.colegiosantaana.es\/wordpress\/noticias-del-colegio\/\" target=\"_blank\" rel=\"noreferrer noopener\"><img fetchpriority=\"high\" decoding=\"async\" width=\"1024\" height=\"1024\" src=\"https:\/\/www.colegiosantaana.es\/wordpress\/wp-content\/uploads\/2022\/11\/newspng-1024x1024.png\" alt=\"Noticias\" class=\"wp-image-297\" srcset=\"https:\/\/www.colegiosantaana.es\/wordpress\/wp-content\/uploads\/2022\/11\/newspng.png 1024w, https:\/\/www.colegiosantaana.es\/wordpress\/wp-content\/uploads\/2022\/11\/newspng-300x300.png 300w, https:\/\/www.colegiosantaana.es\/wordpress\/wp-content\/uploads\/2022\/11\/newspng-150x150.png 150w, https:\/\/www.colegiosantaana.es\/wordpress\/wp-content\/uploads\/2022\/11\/newspng-768x768.png 768w\" sizes=\"(max-width: 1024px) 100vw, 1024px\" \/><\/a><\/figure>\n<\/div>\n\n\n\n<div class=\"wp-block-column has-base-3-background-color has-text-color has-background has-link-color wp-elements-bb966c9d0613555bd2b61200920d7fb9 is-layout-flow wp-block-column-is-layout-flow\" style=\"color:#000000;padding-top:2em;padding-right:2em;padding-bottom:2em;padding-left:2em\">\n<figure class=\"wp-block-image size-full\"><a href=\"https:\/\/colegiosantaana.imtlazarus.com\/lazarus\/access.php\" target=\"_blank\" rel=\"noreferrer noopener\"><img decoding=\"async\" width=\"768\" height=\"769\" src=\"https:\/\/www.colegiosantaana.es\/wordpress\/wp-content\/uploads\/2022\/11\/IMTL.png\" alt=\"Lazarus\" class=\"wp-image-200\" srcset=\"https:\/\/www.colegiosantaana.es\/wordpress\/wp-content\/uploads\/2022\/11\/IMTL.png 768w, https:\/\/www.colegiosantaana.es\/wordpress\/wp-content\/uploads\/2022\/11\/IMTL-300x300.png 300w, https:\/\/www.colegiosantaana.es\/wordpress\/wp-content\/uploads\/2022\/11\/IMTL-150x150.png 150w\" sizes=\"(max-width: 768px) 100vw, 768px\" \/><\/a><\/figure>\n<\/div>\n\n\n\n<div class=\"wp-block-column has-base-3-background-color has-text-color has-background has-link-color wp-elements-314002275f9672d036f1db58e078ba03 is-layout-flow wp-block-column-is-layout-flow\" style=\"color:#000000;padding-top:2em;padding-right:2em;padding-bottom:2em;padding-left:2em\">\n<figure class=\"wp-block-image size-large\"><a href=\"https:\/\/drive.google.com\/drive\/folders\/13ouG6p0hk0qdRGwGA1wJXOnvlW4z4KJT?usp=sharing\" target=\"_blank\" rel=\"noreferrer noopener\"><img decoding=\"async\" width=\"1024\" height=\"1024\" src=\"https:\/\/www.colegiosantaana.es\/wordpress\/wp-content\/uploads\/2022\/11\/LemaPastoral-1024x1024.png\" alt=\"Lema de Pastoral\" class=\"wp-image-201\" srcset=\"https:\/\/www.colegiosantaana.es\/wordpress\/wp-content\/uploads\/2022\/11\/LemaPastoral.png 1024w, https:\/\/www.colegiosantaana.es\/wordpress\/wp-content\/uploads\/2022\/11\/LemaPastoral-300x300.png 300w, https:\/\/www.colegiosantaana.es\/wordpress\/wp-content\/uploads\/2022\/11\/LemaPastoral-150x150.png 150w, https:\/\/www.colegiosantaana.es\/wordpress\/wp-content\/uploads\/2022\/11\/LemaPastoral-768x768.png 768w\" sizes=\"(max-width: 1024px) 100vw, 1024px\" \/><\/a><\/figure>\n<\/div>\n\n\n\n<div class=\"wp-block-column has-base-3-background-color has-text-color has-background has-link-color wp-elements-75bc052837d76bb7e5e6cbdeeb94490e is-layout-flow wp-block-column-is-layout-flow\" style=\"color:#000000;padding-top:2em;padding-right:2em;padding-bottom:2em;padding-left:2em\">\n<figure class=\"wp-block-image size-large\"><a href=\"https:\/\/drive.google.com\/drive\/folders\/0B42DSLz3GhI3bU41ODZ3ZklHdHc?resourcekey=0-B8nAPJ2sA_GC-jewYqZNLw\" target=\"_blank\" rel=\"noreferrer noopener\"><img loading=\"lazy\" decoding=\"async\" width=\"1024\" height=\"1024\" src=\"https:\/\/www.colegiosantaana.es\/wordpress\/wp-content\/uploads\/2022\/11\/comedornew-1024x1024.png\" alt=\"Men\u00fa mensual\" class=\"wp-image-202\" srcset=\"https:\/\/www.colegiosantaana.es\/wordpress\/wp-content\/uploads\/2022\/11\/comedornew.png 1024w, https:\/\/www.colegiosantaana.es\/wordpress\/wp-content\/uploads\/2022\/11\/comedornew-300x300.png 300w, https:\/\/www.colegiosantaana.es\/wordpress\/wp-content\/uploads\/2022\/11\/comedornew-150x150.png 150w, https:\/\/www.colegiosantaana.es\/wordpress\/wp-content\/uploads\/2022\/11\/comedornew-768x768.png 768w\" sizes=\"(max-width: 1024px) 100vw, 1024px\" \/><\/a><\/figure>\n<\/div>\n\n\n\n<div class=\"wp-block-column has-base-3-background-color has-text-color has-background has-link-color wp-elements-879f56de1d6d0f993b1dd15aad092732 is-layout-flow wp-block-column-is-layout-flow\" style=\"color:#000000;padding-top:2em;padding-right:2em;padding-bottom:2em;padding-left:2em\">\n<figure class=\"wp-block-image size-large\"><a href=\"https:\/\/classroom.google.com\/\" target=\"_blank\" rel=\"noreferrer noopener\"><img loading=\"lazy\" decoding=\"async\" width=\"1024\" height=\"1024\" src=\"https:\/\/www.colegiosantaana.es\/wordpress\/wp-content\/uploads\/2022\/11\/Classroom_logo-1-1024x1024.png\" alt=\"Google Classroom\" class=\"wp-image-203\" srcset=\"https:\/\/www.colegiosantaana.es\/wordpress\/wp-content\/uploads\/2022\/11\/Classroom_logo-1.png 1024w, https:\/\/www.colegiosantaana.es\/wordpress\/wp-content\/uploads\/2022\/11\/Classroom_logo-1-300x300.png 300w, https:\/\/www.colegiosantaana.es\/wordpress\/wp-content\/uploads\/2022\/11\/Classroom_logo-1-150x150.png 150w, https:\/\/www.colegiosantaana.es\/wordpress\/wp-content\/uploads\/2022\/11\/Classroom_logo-1-768x768.png 768w\" sizes=\"(max-width: 1024px) 100vw, 1024px\" \/><\/a><\/figure>\n<\/div>\n\n\n\n<div class=\"wp-block-column has-base-3-background-color has-text-color has-background has-link-color wp-elements-e4219139b5849e3e6b0a45f3e49916ea is-layout-flow wp-block-column-is-layout-flow\" style=\"color:#000000;padding-top:2em;padding-right:2em;padding-bottom:2em;padding-left:2em\">\n<figure class=\"wp-block-image size-full\"><a href=\"https:\/\/login02.globaleduca.com\/md001\" target=\"_blank\" rel=\"noreferrer noopener\"><img loading=\"lazy\" decoding=\"async\" width=\"186\" height=\"196\" src=\"https:\/\/www.colegiosantaana.es\/wordpress\/wp-content\/uploads\/2024\/07\/GLOBAL.jpeg\" alt=\"\" class=\"wp-image-732\"\/><\/a><\/figure>\n<\/div>\n<\/div>\n\n\n<ul class=\"wp-block-latest-posts__list wp-block-latest-posts\"><li><a class=\"wp-block-latest-posts__post-title\" href=\"https:\/\/www.colegiosantaana.es\/wordpress\/entrega-de-premios-extraordinarios-al-rendimiento-academico-de-la-etapa-de-secundaria-del-curso-2024-2025\/\">Entrega de premios extraordinarios al rendimiento acad\u00e9mico de la etapa de Secundaria del curso 2024\/2025<\/a><div class=\"wp-block-latest-posts__post-full-content\"><!-- wp:paragraph -->\n<p>El pasado martes 10 de marzo de 2026 se celebr\u00f3 en el Palau de a M\u00fasica de Valencia, el acto de la entrega de premios extraordinarios al rendimiento acad\u00e9mico de la etapa de Secundaria, a cargo de La Conselleria de Educaci\u00f3n, Cultura, Universidades y Empleo.<\/p>\n<!-- \/wp:paragraph -->\n\n<!-- wp:paragraph -->\n<p>A trav\u00e9s de estos premios, se reconoce la excelencia acad\u00e9mica a alumnos de Educaci\u00f3n Primaria y Secundaria.<\/p>\n<!-- \/wp:paragraph -->\n\n<!-- wp:paragraph -->\n<p>Los estudiantes reconocidos de Secundaria son 161 de la provincia de Alicante, 46 de la de Castell\u00f3n y 331 de la de Valencia.<\/p>\n<!-- \/wp:paragraph -->\n\n<!-- wp:paragraph -->\n<p>Los alumnos recibieron un diploma a la excelencia en el rendimiento acad\u00e9mico expedido por la Conselleria de Educaci\u00f3n, Cultura, Universidades y Empleo, y constar\u00e1 en su historial y expediente acad\u00e9mico. Por medio de estos premios se pretende reconocer el esfuerzo y superaci\u00f3n de esos estudiantes.<\/p>\n<!-- \/wp:paragraph -->\n\n<!-- wp:paragraph -->\n<p>Tenemos el honor de contar con un premiado, ya exalumno, a la excelencia en el rendimiento acad\u00e9mico en la etapa de E. Secundaria del curso 2024\/2025: PEP MART\u00cd OLMOS.<\/p>\n<!-- \/wp:paragraph -->\n\n<!-- wp:paragraph -->\n<p>\u00a1Enhorabuena y a continuar con el nivel de excelencia!<\/p>\n<!-- \/wp:paragraph -->\n\n<!-- wp:image {\"id\":997,\"width\":\"814px\",\"height\":\"auto\",\"sizeSlug\":\"large\",\"linkDestination\":\"none\"} -->\n<figure class=\"wp-block-image size-large is-resized\"><img loading=\"lazy\" decoding=\"async\" width=\"768\" height=\"1024\" src=\"https:\/\/www.colegiosantaana.es\/wordpress\/wp-content\/uploads\/2026\/03\/PEP-768x1024.jpg\" alt=\"\" class=\"wp-image-997\" style=\"width:814px;height:auto\" srcset=\"https:\/\/www.colegiosantaana.es\/wordpress\/wp-content\/uploads\/2026\/03\/PEP-768x1024.jpg 768w, https:\/\/www.colegiosantaana.es\/wordpress\/wp-content\/uploads\/2026\/03\/PEP-225x300.jpg 225w, https:\/\/www.colegiosantaana.es\/wordpress\/wp-content\/uploads\/2026\/03\/PEP-1152x1536.jpg 1152w, https:\/\/www.colegiosantaana.es\/wordpress\/wp-content\/uploads\/2026\/03\/PEP-1536x2048.jpg 1536w, https:\/\/www.colegiosantaana.es\/wordpress\/wp-content\/uploads\/2026\/03\/PEP-scaled.jpg 1920w\" sizes=\"(max-width: 768px) 100vw, 768px\" \/><\/figure>\n<!-- \/wp:image --><\/div><\/li>\n<li><a class=\"wp-block-latest-posts__post-title\" href=\"https:\/\/www.colegiosantaana.es\/wordpress\/entrega-de-premios-extraordinarios-al-rendimiento-academico-de-la-etapa-de-primaria-del-curso-2024-2025\/\">Entrega de premios extraordinarios al rendimiento acad\u00e9mico de la etapa de Primaria del curso 2024\/2025<\/a><div class=\"wp-block-latest-posts__post-full-content\"><!-- wp:paragraph -->\n<p>El pasado martes 18 de febrero de 2026 se celebr\u00f3 en el Palau de a M\u00fasica de Valencia, el acto de la entrega de premios extraordinarios al rendimiento acad\u00e9mico de la etapa de Primaria, a cargo de La Conselleria de Educaci\u00f3n, Cultura, Universidades y Empleo.<\/p>\n<!-- \/wp:paragraph -->\n\n<!-- wp:paragraph -->\n<p>A trav\u00e9s de estos premios, se reconoce la excelencia acad\u00e9mica a alumnos de Educaci\u00f3n Primaria y Secundaria.<br>Del alumnado premiado de Primaria, 679 corresponden a la provincia de Alicante, 231 a la de Castell\u00f3n y 969 a la de Valencia. Por su parte, los estudiantes reconocidos de Secundaria son 161 de la provincia de Alicante, 46 de la de Castell\u00f3n y 331 de la de Valencia.<\/p>\n<!-- \/wp:paragraph -->\n\n<!-- wp:paragraph -->\n<p>Los alumnos recibieron un diploma a la excelencia en el rendimiento acad\u00e9mico expedido por la Conselleria de Educaci\u00f3n, Cultura, Universidades y Empleo, y constar\u00e1 en su historial y expediente acad\u00e9mico. Por medio de estos premios se pretende reconocer el esfuerzo y superaci\u00f3n de esos estudiantes.<\/p>\n<!-- \/wp:paragraph -->\n\n<!-- wp:paragraph -->\n<p>Tenemos el honor de contar con tres premiados a la excelencia en el rendimiento acad\u00e9mico en la etapa de E. Primaria del curso 2024\/2025: PABLO CABANES BENAVENT, ANA GIMENO ROCHE y ELENA L\u00d3PEZ DE HARO CABANES.<\/p>\n<!-- \/wp:paragraph -->\n\n<!-- wp:paragraph -->\n<p>\u00a1Enhorabuena y a continuar con el nivel de excelencia!<\/p>\n<!-- \/wp:paragraph -->\n\n<!-- wp:image {\"id\":987,\"sizeSlug\":\"large\",\"linkDestination\":\"none\"} -->\n<figure class=\"wp-block-image size-large\"><img loading=\"lazy\" decoding=\"async\" width=\"903\" height=\"1024\" src=\"https:\/\/www.colegiosantaana.es\/wordpress\/wp-content\/uploads\/2026\/02\/PREMIOS-EXTRAORDINARIOS-24257-ok-903x1024.jpg\" alt=\"\" class=\"wp-image-987\" srcset=\"https:\/\/www.colegiosantaana.es\/wordpress\/wp-content\/uploads\/2026\/02\/PREMIOS-EXTRAORDINARIOS-24257-ok-903x1024.jpg 903w, https:\/\/www.colegiosantaana.es\/wordpress\/wp-content\/uploads\/2026\/02\/PREMIOS-EXTRAORDINARIOS-24257-ok-265x300.jpg 265w, https:\/\/www.colegiosantaana.es\/wordpress\/wp-content\/uploads\/2026\/02\/PREMIOS-EXTRAORDINARIOS-24257-ok-768x871.jpg 768w, https:\/\/www.colegiosantaana.es\/wordpress\/wp-content\/uploads\/2026\/02\/PREMIOS-EXTRAORDINARIOS-24257-ok-1355x1536.jpg 1355w, https:\/\/www.colegiosantaana.es\/wordpress\/wp-content\/uploads\/2026\/02\/PREMIOS-EXTRAORDINARIOS-24257-ok-1806x2048.jpg 1806w\" sizes=\"(max-width: 903px) 100vw, 903px\" \/><\/figure>\n<!-- \/wp:image -->\n\n<!-- wp:image {\"id\":989,\"width\":\"820px\",\"height\":\"auto\",\"sizeSlug\":\"full\",\"linkDestination\":\"none\"} -->\n<figure class=\"wp-block-image size-full is-resized\"><img loading=\"lazy\" decoding=\"async\" width=\"480\" height=\"209\" src=\"https:\/\/www.colegiosantaana.es\/wordpress\/wp-content\/uploads\/2026\/02\/PREMIOS-EXTRAORDINARIOS-24257-2.jpg\" alt=\"\" class=\"wp-image-989\" style=\"width:820px;height:auto\" srcset=\"https:\/\/www.colegiosantaana.es\/wordpress\/wp-content\/uploads\/2026\/02\/PREMIOS-EXTRAORDINARIOS-24257-2.jpg 480w, https:\/\/www.colegiosantaana.es\/wordpress\/wp-content\/uploads\/2026\/02\/PREMIOS-EXTRAORDINARIOS-24257-2-300x131.jpg 300w\" sizes=\"(max-width: 480px) 100vw, 480px\" \/><\/figure>\n<!-- \/wp:image --><\/div><\/li>\n<li><a class=\"wp-block-latest-posts__post-title\" href=\"https:\/\/www.colegiosantaana.es\/wordpress\/admision-2026-2027\/\">Admisi\u00f3n 2026-2027<\/a><div class=\"wp-block-latest-posts__post-full-content\"><!-- wp:paragraph -->\n<p>Se acerca el periodo de admisi\u00f3n del curso 2026-2027 y para el pr\u00f3ximo mes de <strong>marzo <\/strong>tenemos programado un <strong>Study Tour<\/strong> con todas las familias interesadas en formar parte de nuestra gran familia MD. Ser\u00e1 una Jornada de puertas abiertas donde os contaremos nuestro Proyecto Educativo y podr\u00e9is ver <em>in situ<\/em> la aplicaci\u00f3n de nuestra metodolog\u00eda en el aula. Os animamos a que os apunt\u00e9is en el siguiente <a href=\"https:\/\/forms.gle\/mJXHKuELu4ZYEKot5\">formulario <\/a>para poder asistir a dicho evento. \u00a1Os esperamos!<\/p>\n<!-- \/wp:paragraph -->\n\n<!-- wp:image {\"lightbox\":{\"enabled\":false},\"id\":975,\"sizeSlug\":\"large\",\"linkDestination\":\"none\"} -->\n<figure class=\"wp-block-image size-large\"><img loading=\"lazy\" decoding=\"async\" width=\"1024\" height=\"1024\" src=\"https:\/\/www.colegiosantaana.es\/wordpress\/wp-content\/uploads\/2026\/01\/rrss-png-1024x1024.png\" alt=\"\" class=\"wp-image-975\" srcset=\"https:\/\/www.colegiosantaana.es\/wordpress\/wp-content\/uploads\/2026\/01\/rrss-png-1024x1024.png 1024w, https:\/\/www.colegiosantaana.es\/wordpress\/wp-content\/uploads\/2026\/01\/rrss-png-300x300.png 300w, https:\/\/www.colegiosantaana.es\/wordpress\/wp-content\/uploads\/2026\/01\/rrss-png-150x150.png 150w, https:\/\/www.colegiosantaana.es\/wordpress\/wp-content\/uploads\/2026\/01\/rrss-png-768x768.png 768w, https:\/\/www.colegiosantaana.es\/wordpress\/wp-content\/uploads\/2026\/01\/rrss-png-1536x1536.png 1536w, https:\/\/www.colegiosantaana.es\/wordpress\/wp-content\/uploads\/2026\/01\/rrss-png-2048x2048.png 2048w\" sizes=\"(max-width: 1024px) 100vw, 1024px\" \/><\/figure>\n<!-- \/wp:image -->\n\n<!-- wp:image {\"id\":976,\"sizeSlug\":\"large\",\"linkDestination\":\"none\"} -->\n<figure class=\"wp-block-image size-large\"><img loading=\"lazy\" decoding=\"async\" width=\"1024\" height=\"1024\" src=\"https:\/\/www.colegiosantaana.es\/wordpress\/wp-content\/uploads\/2026\/01\/qr-code-1024x1024.png\" alt=\"\" class=\"wp-image-976\" srcset=\"https:\/\/www.colegiosantaana.es\/wordpress\/wp-content\/uploads\/2026\/01\/qr-code-1024x1024.png 1024w, https:\/\/www.colegiosantaana.es\/wordpress\/wp-content\/uploads\/2026\/01\/qr-code-300x300.png 300w, https:\/\/www.colegiosantaana.es\/wordpress\/wp-content\/uploads\/2026\/01\/qr-code-150x150.png 150w, https:\/\/www.colegiosantaana.es\/wordpress\/wp-content\/uploads\/2026\/01\/qr-code-768x768.png 768w, https:\/\/www.colegiosantaana.es\/wordpress\/wp-content\/uploads\/2026\/01\/qr-code.png 1148w\" sizes=\"(max-width: 1024px) 100vw, 1024px\" \/><\/figure>\n<!-- \/wp:image --><\/div><\/li>\n<li><a class=\"wp-block-latest-posts__post-title\" href=\"https:\/\/www.colegiosantaana.es\/wordpress\/finalista-44-edicion-que-es-un-rey-para-ti\/\">Finalista 44 edici\u00f3n &#8216;\u00bfQu\u00e9 es un Rey para ti?&#8217;<\/a><div class=\"wp-block-latest-posts__post-full-content\"><!-- wp:paragraph -->\n<p>El conseller de Educaci\u00f3n, Cultura, Universidades y Empleo, Jos\u00e9 Antonio Rovira, ha asistido a la entrega de los premios de la 44\u00aa edici\u00f3n del concurso &#8216;\u00bfQu\u00e9 es un rey para ti?&#8217;.<br>Por la Comunitat Valenciana han participado 628 escolares de 3\u00ba, 4\u00ba, 5\u00ba y 6\u00ba de Primaria, de 1\u00ba y 2\u00ba de ESO y de Educaci\u00f3n Especial hasta 18 a\u00f1os, procedentes de 75 centros educativos.<br>Los 40 trabajos seleccionados para la final han sido elaborados por el alumnado de 25 colegios de la Comunitat Valenciana y abordan la figura del monarca Felipe VI, entre ellos nuestro querido alumno Jordi Escorihuela Colubi del curso de 1\u00ba de ESO. \u00a1Enhorabuena, Jordi y familia!<\/p>\n<!-- \/wp:paragraph -->\n\n<!-- wp:image {\"id\":934,\"sizeSlug\":\"large\",\"linkDestination\":\"none\"} -->\n<figure class=\"wp-block-image size-large\"><img loading=\"lazy\" decoding=\"async\" width=\"1024\" height=\"683\" src=\"https:\/\/www.colegiosantaana.es\/wordpress\/wp-content\/uploads\/2025\/05\/IMG_2874-1024x683.jpeg\" alt=\"\" class=\"wp-image-934\" srcset=\"https:\/\/www.colegiosantaana.es\/wordpress\/wp-content\/uploads\/2025\/05\/IMG_2874-1024x683.jpeg 1024w, https:\/\/www.colegiosantaana.es\/wordpress\/wp-content\/uploads\/2025\/05\/IMG_2874-300x200.jpeg 300w, https:\/\/www.colegiosantaana.es\/wordpress\/wp-content\/uploads\/2025\/05\/IMG_2874-768x512.jpeg 768w, https:\/\/www.colegiosantaana.es\/wordpress\/wp-content\/uploads\/2025\/05\/IMG_2874-1536x1024.jpeg 1536w, https:\/\/www.colegiosantaana.es\/wordpress\/wp-content\/uploads\/2025\/05\/IMG_2874-2048x1365.jpeg 2048w\" sizes=\"(max-width: 1024px) 100vw, 1024px\" \/><\/figure>\n<!-- \/wp:image -->\n\n<!-- wp:image {\"id\":935,\"sizeSlug\":\"large\",\"linkDestination\":\"none\"} -->\n<figure class=\"wp-block-image size-large\"><img loading=\"lazy\" decoding=\"async\" width=\"1024\" height=\"768\" src=\"https:\/\/www.colegiosantaana.es\/wordpress\/wp-content\/uploads\/2025\/05\/IMG_5821-1024x768.jpg\" alt=\"\" class=\"wp-image-935\" srcset=\"https:\/\/www.colegiosantaana.es\/wordpress\/wp-content\/uploads\/2025\/05\/IMG_5821-1024x768.jpg 1024w, https:\/\/www.colegiosantaana.es\/wordpress\/wp-content\/uploads\/2025\/05\/IMG_5821-300x225.jpg 300w, https:\/\/www.colegiosantaana.es\/wordpress\/wp-content\/uploads\/2025\/05\/IMG_5821-768x576.jpg 768w, https:\/\/www.colegiosantaana.es\/wordpress\/wp-content\/uploads\/2025\/05\/IMG_5821-1536x1152.jpg 1536w, https:\/\/www.colegiosantaana.es\/wordpress\/wp-content\/uploads\/2025\/05\/IMG_5821-2048x1536.jpg 2048w\" sizes=\"(max-width: 1024px) 100vw, 1024px\" \/><\/figure>\n<!-- \/wp:image -->\n\n<!-- wp:paragraph -->\n<p><\/p>\n<!-- \/wp:paragraph --><\/div><\/li>\n<li><a class=\"wp-block-latest-posts__post-title\" href=\"https:\/\/www.colegiosantaana.es\/wordpress\/reunion-admision-25-26\/\">Reuni\u00f3n Admisi\u00f3n 25-26<\/a><div class=\"wp-block-latest-posts__post-full-content\"><!-- wp:paragraph -->\n<p>Estimadas familias.<\/p>\n<!-- \/wp:paragraph -->\n\n<!-- wp:paragraph -->\n<p>Esperamos que hayan tenido unas buenas vacaciones de\u00a0Semana Santa.<\/p>\n<!-- \/wp:paragraph -->\n\n<!-- wp:paragraph -->\n<p>El pr\u00f3ximo <strong>mi\u00e9rcoles 30\/04 a las 17:30h<\/strong>, les invitamos a una reuni\u00f3n en<br>el <strong>Colegio Santa Ana y San Jos\u00e9 de la Monta\u00f1a,<\/strong> para informarles de todo sobre el <strong>proceso de admisi\u00f3n<\/strong> para el <strong>curso 25-26<\/strong>.<br>Ser\u00e1 un momento clave para resolver dudas y acompa\u00f1arles en esta nueva etapa.<br>\u00a1Contamos con vosotras y vosotros! \u00a1Nos vemos pronto!\u00a0<\/p>\n<!-- \/wp:paragraph -->\n\n<!-- wp:paragraph -->\n<p>El Equipo Directivo<\/p>\n<!-- \/wp:paragraph -->\n\n<!-- wp:image {\"id\":913,\"sizeSlug\":\"large\",\"linkDestination\":\"none\"} -->\n<figure class=\"wp-block-image size-large\"><img loading=\"lazy\" decoding=\"async\" width=\"1024\" height=\"1024\" src=\"https:\/\/www.colegiosantaana.es\/wordpress\/wp-content\/uploads\/2025\/04\/Gmzk0qVbEAAhddj-1024x1024.jpeg\" alt=\"\" class=\"wp-image-913\" srcset=\"https:\/\/www.colegiosantaana.es\/wordpress\/wp-content\/uploads\/2025\/04\/Gmzk0qVbEAAhddj-1024x1024.jpeg 1024w, https:\/\/www.colegiosantaana.es\/wordpress\/wp-content\/uploads\/2025\/04\/Gmzk0qVbEAAhddj-300x300.jpeg 300w, https:\/\/www.colegiosantaana.es\/wordpress\/wp-content\/uploads\/2025\/04\/Gmzk0qVbEAAhddj-150x150.jpeg 150w, https:\/\/www.colegiosantaana.es\/wordpress\/wp-content\/uploads\/2025\/04\/Gmzk0qVbEAAhddj-768x768.jpeg 768w, https:\/\/www.colegiosantaana.es\/wordpress\/wp-content\/uploads\/2025\/04\/Gmzk0qVbEAAhddj-1536x1536.jpeg 1536w, https:\/\/www.colegiosantaana.es\/wordpress\/wp-content\/uploads\/2025\/04\/Gmzk0qVbEAAhddj.jpeg 1654w\" sizes=\"(max-width: 1024px) 100vw, 1024px\" \/><\/figure>\n<!-- \/wp:image --><\/div><\/li>\n<\/ul>\n\n\n<p><\/p>\n","protected":false},"excerpt":{"rendered":"","protected":false},"author":1,"featured_media":0,"parent":0,"menu_order":0,"comment_status":"closed","ping_status":"closed","template":"","meta":{"footnotes":""},"class_list":["post-192","page","type-page","status-publish"],"_links":{"self":[{"href":"https:\/\/www.colegiosantaana.es\/wordpress\/wp-json\/wp\/v2\/pages\/192","targetHints":{"allow":["GET"]}}],"collection":[{"href":"https:\/\/www.colegiosantaana.es\/wordpress\/wp-json\/wp\/v2\/pages"}],"about":[{"href":"https:\/\/www.colegiosantaana.es\/wordpress\/wp-json\/wp\/v2\/types\/page"}],"author":[{"embeddable":true,"href":"https:\/\/www.colegiosantaana.es\/wordpress\/wp-json\/wp\/v2\/users\/1"}],"replies":[{"embeddable":true,"href":"https:\/\/www.colegiosantaana.es\/wordpress\/wp-json\/wp\/v2\/comments?post=192"}],"version-history":[{"count":19,"href":"https:\/\/www.colegiosantaana.es\/wordpress\/wp-json\/wp\/v2\/pages\/192\/revisions"}],"predecessor-version":[{"id":955,"href":"https:\/\/www.colegiosantaana.es\/wordpress\/wp-json\/wp\/v2\/pages\/192\/revisions\/955"}],"wp:attachment":[{"href":"https:\/\/www.colegiosantaana.es\/wordpress\/wp-json\/wp\/v2\/media?parent=192"}],"curies":[{"name":"wp","href":"https:\/\/api.w.org\/{rel}","templated":true}]}}