{"id":276,"date":"2022-11-15T16:14:47","date_gmt":"2022-11-15T15:14:47","guid":{"rendered":"https:\/\/www.colegiosantaana.es\/wordpress\/?page_id=276"},"modified":"2024-07-22T08:19:46","modified_gmt":"2024-07-22T06:19:46","slug":"programacion-general-anual","status":"publish","type":"page","link":"https:\/\/www.colegiosantaana.es\/wordpress\/programacion-general-anual\/","title":{"rendered":"Programaci\u00f3n General Anual"},"content":{"rendered":"\n<p><\/p>\n\n\n<div class=\"wp-block-image\">\n<figure class=\"aligncenter size-full is-resized\"><img fetchpriority=\"high\" decoding=\"async\" width=\"566\" height=\"365\" src=\"https:\/\/www.colegiosantaana.es\/wordpress\/wp-content\/uploads\/2022\/11\/pga.jpg\" alt=\"\" class=\"wp-image-277\" style=\"width:300px;height:193px\" srcset=\"https:\/\/www.colegiosantaana.es\/wordpress\/wp-content\/uploads\/2022\/11\/pga.jpg 566w, https:\/\/www.colegiosantaana.es\/wordpress\/wp-content\/uploads\/2022\/11\/pga-300x193.jpg 300w\" sizes=\"(max-width: 566px) 100vw, 566px\" \/><\/figure>\n<\/div>\n\n\n<p><br>PGA. Programaci\u00f3n General Anual de Centro<\/p>\n\n\n\n<p>Cada a\u00f1o acad\u00e9mico-escolar, el centro elabora una PGA, acorde a los principios del PEC y del PCC donde se organizan y secuencian todas las actividades del centro para el curso escolar:<\/p>\n\n\n\n<p>La PGA se distribuye en cinco m\u00f3dulos de la siguiente manera<\/p>\n\n\n\n<p>La n\u00famero uno, trata de los resultados acad\u00e9micos del curso anterior,<br>La n\u00famero dos, de la matr\u00edcula de los alumnos de este centro,<br>La n\u00famero tres, de la programaci\u00f3n de los horarios y niveles del centro,<br>La n\u00famero cuatro, sobre los recursos humanos y funciones asignadas.<br>La n\u00famero cinco, sobre la sociedad de informaci\u00f3n y comunicaci\u00f3n.<\/p>\n","protected":false},"excerpt":{"rendered":"<p>PGA. Programaci\u00f3n General Anual de Centro Cada a\u00f1o acad\u00e9mico-escolar, el centro elabora una PGA, acorde a los principios del PEC y del PCC donde se organizan y secuencian todas las actividades del centro para el curso escolar: La PGA se distribuye en cinco m\u00f3dulos de la siguiente manera La n\u00famero uno, trata de los resultados &#8230; <a title=\"Programaci\u00f3n General Anual\" class=\"read-more\" href=\"https:\/\/www.colegiosantaana.es\/wordpress\/programacion-general-anual\/\" aria-label=\"Leer m\u00e1s sobre Programaci\u00f3n General Anual\">Leer m\u00e1s<\/a><\/p>\n","protected":false},"author":1,"featured_media":0,"parent":0,"menu_order":0,"comment_status":"closed","ping_status":"closed","template":"","meta":{"footnotes":""},"class_list":["post-276","page","type-page","status-publish"],"_links":{"self":[{"href":"https:\/\/www.colegiosantaana.es\/wordpress\/wp-json\/wp\/v2\/pages\/276","targetHints":{"allow":["GET"]}}],"collection":[{"href":"https:\/\/www.colegiosantaana.es\/wordpress\/wp-json\/wp\/v2\/pages"}],"about":[{"href":"https:\/\/www.colegiosantaana.es\/wordpress\/wp-json\/wp\/v2\/types\/page"}],"author":[{"embeddable":true,"href":"https:\/\/www.colegiosantaana.es\/wordpress\/wp-json\/wp\/v2\/users\/1"}],"replies":[{"embeddable":true,"href":"https:\/\/www.colegiosantaana.es\/wordpress\/wp-json\/wp\/v2\/comments?post=276"}],"version-history":[{"count":2,"href":"https:\/\/www.colegiosantaana.es\/wordpress\/wp-json\/wp\/v2\/pages\/276\/revisions"}],"predecessor-version":[{"id":711,"href":"https:\/\/www.colegiosantaana.es\/wordpress\/wp-json\/wp\/v2\/pages\/276\/revisions\/711"}],"wp:attachment":[{"href":"https:\/\/www.colegiosantaana.es\/wordpress\/wp-json\/wp\/v2\/media?parent=276"}],"curies":[{"name":"wp","href":"https:\/\/api.w.org\/{rel}","templated":true}]}}