{"id":323,"date":"2023-01-10T16:20:40","date_gmt":"2023-01-10T15:20:40","guid":{"rendered":"https:\/\/www.colegiosantaana.es\/wordpress\/?page_id=323"},"modified":"2025-08-25T13:15:05","modified_gmt":"2025-08-25T11:15:05","slug":"contenidos","status":"publish","type":"page","link":"https:\/\/www.colegiosantaana.es\/wordpress\/contenidos\/","title":{"rendered":"Contenidos"},"content":{"rendered":"\n<h1 class=\"wp-block-heading\">CONTENIDOS Y CRITERIOS DE EVALUACI\u00d3N<\/h1>\n\n\n\n<p>Desde este apartado, podr\u00e1s acceder a los contenidos y criterios de evaluaci\u00f3n de cada una de las asignaturas por etapa:<\/p>\n\n\n\n<p><strong>EDUCACI\u00d3N INFANTIL<\/strong><\/p>\n\n\n\n<p><a href=\"https:\/\/drive.google.com\/drive\/folders\/1x5NKxJfEBsq8vBb6g8dKCr4zQfgiWF5S?usp=sharing\" target=\"_blank\" rel=\"noreferrer noopener\">1\u00ba\u00a0E.INFANTIL<\/a><\/p>\n\n\n\n<p><a href=\"https:\/\/drive.google.com\/drive\/folders\/1s16iWzTmYCCI-89QL8Dw4e7dKym2ZNA_?usp=sharing\" target=\"_blank\" rel=\"noreferrer noopener\">2\u00ba E.INFANTIL<\/a><\/p>\n\n\n\n<p><a href=\"https:\/\/drive.google.com\/drive\/folders\/138fAHZvrmOvdugFDHbs2PAnYuANW-MBw?usp=sharing\" target=\"_blank\" rel=\"noreferrer noopener\">3\u00ba E.INFANTIL<\/a><\/p>\n\n\n\n<p><strong>EDUCACI\u00d3N PRIMARIA<\/strong><\/p>\n\n\n\n<p><a href=\"https:\/\/drive.google.com\/drive\/folders\/1BpycCKTsT2n7YgNJwlA_vXebMy3cbet8?usp=sharing\" target=\"_blank\" rel=\"noreferrer noopener\">1\u00ba E. PRIMARIA<\/a><\/p>\n\n\n\n<p><a href=\"https:\/\/drive.google.com\/drive\/folders\/1QWbbCZWu4b8eZinLSWa0w-vxG0Zg_quA?usp=sharing\" target=\"_blank\" rel=\"noreferrer noopener\">2\u00ba E. PRIMARIA<\/a><\/p>\n\n\n\n<p><a href=\"https:\/\/drive.google.com\/drive\/folders\/1FKY2gW6tv1bq06Csx9ft6oKVWJK1s412?usp=sharing\" target=\"_blank\" rel=\"noreferrer noopener\">3\u00ba E. PRIMARIA<\/a><\/p>\n\n\n\n<p><a href=\"https:\/\/drive.google.com\/drive\/folders\/1DlJdnmiaIcmVsM1s4oV2hUL9w-GnI0Bs?usp=sharing\" target=\"_blank\" rel=\"noreferrer noopener\">4\u00ba E. PRIMARIA<\/a><\/p>\n\n\n\n<p><a href=\"https:\/\/drive.google.com\/drive\/folders\/1M-DxyRHgig7bfrhAlPrcpXtG0lb6cF1G?usp=sharing\" target=\"_blank\" rel=\"noreferrer noopener\">5\u00ba E. PRIMARIA<\/a><\/p>\n\n\n\n<p><a href=\"https:\/\/drive.google.com\/drive\/folders\/1DUPtWefVaa9LmMMkMEHqYezohv43it85?usp=sharing\" target=\"_blank\" rel=\"noreferrer noopener\">6\u00ba E. PRIMARIA<\/a><\/p>\n\n\n\n<p><strong>EDUCACI\u00d3N SECUNDARIA OBLIGATORIA<\/strong><\/p>\n\n\n\n<p><a href=\"https:\/\/drive.google.com\/drive\/folders\/1immgr4lafO9iknS78rcEDw0ubifDDdkc?usp=sharing\" target=\"_blank\" rel=\"noreferrer noopener\">1\u00ba E.\u00a0SECUNDARIA<\/a><\/p>\n\n\n\n<p><a href=\"https:\/\/drive.google.com\/drive\/folders\/17xUV2b7Fu8Teh7fWKraVbVnsDrEeZ5oO?usp=sharing\" target=\"_blank\" rel=\"noreferrer noopener\">2\u00ba E.\u00a0SECUNDARIA<\/a><\/p>\n\n\n\n<p><a href=\"https:\/\/drive.google.com\/drive\/folders\/19Plzb3IXII3uIB1XwF546OLXf5rBJ9_Z?usp=sharing\" target=\"_blank\" rel=\"noreferrer noopener\">3\u00ba E.\u00a0SECUNDARIA<\/a><\/p>\n\n\n\n<p><a href=\"https:\/\/drive.google.com\/drive\/folders\/1ypIjM0tyvyMMH_yCfCTB58iZUVPLKSky?usp=sharing\" target=\"_blank\" rel=\"noreferrer noopener\">4\u00ba E.\u00a0SECUNDARIA<\/a><\/p>\n","protected":false},"excerpt":{"rendered":"<p>CONTENIDOS Y CRITERIOS DE EVALUACI\u00d3N Desde este apartado, podr\u00e1s acceder a los contenidos y criterios de evaluaci\u00f3n de cada una de las asignaturas por etapa: EDUCACI\u00d3N INFANTIL 1\u00ba\u00a0E.INFANTIL 2\u00ba E.INFANTIL 3\u00ba E.INFANTIL EDUCACI\u00d3N PRIMARIA 1\u00ba E. PRIMARIA 2\u00ba E. PRIMARIA 3\u00ba E. PRIMARIA 4\u00ba E. PRIMARIA 5\u00ba E. PRIMARIA 6\u00ba E. PRIMARIA EDUCACI\u00d3N SECUNDARIA OBLIGATORIA &#8230; <a title=\"Contenidos\" class=\"read-more\" href=\"https:\/\/www.colegiosantaana.es\/wordpress\/contenidos\/\" aria-label=\"Leer m\u00e1s sobre Contenidos\">Leer m\u00e1s<\/a><\/p>\n","protected":false},"author":1,"featured_media":0,"parent":0,"menu_order":0,"comment_status":"closed","ping_status":"closed","template":"","meta":{"footnotes":""},"class_list":["post-323","page","type-page","status-publish"],"_links":{"self":[{"href":"https:\/\/www.colegiosantaana.es\/wordpress\/wp-json\/wp\/v2\/pages\/323","targetHints":{"allow":["GET"]}}],"collection":[{"href":"https:\/\/www.colegiosantaana.es\/wordpress\/wp-json\/wp\/v2\/pages"}],"about":[{"href":"https:\/\/www.colegiosantaana.es\/wordpress\/wp-json\/wp\/v2\/types\/page"}],"author":[{"embeddable":true,"href":"https:\/\/www.colegiosantaana.es\/wordpress\/wp-json\/wp\/v2\/users\/1"}],"replies":[{"embeddable":true,"href":"https:\/\/www.colegiosantaana.es\/wordpress\/wp-json\/wp\/v2\/comments?post=323"}],"version-history":[{"count":2,"href":"https:\/\/www.colegiosantaana.es\/wordpress\/wp-json\/wp\/v2\/pages\/323\/revisions"}],"predecessor-version":[{"id":949,"href":"https:\/\/www.colegiosantaana.es\/wordpress\/wp-json\/wp\/v2\/pages\/323\/revisions\/949"}],"wp:attachment":[{"href":"https:\/\/www.colegiosantaana.es\/wordpress\/wp-json\/wp\/v2\/media?parent=323"}],"curies":[{"name":"wp","href":"https:\/\/api.w.org\/{rel}","templated":true}]}}