{"id":33,"date":"2022-10-24T11:24:11","date_gmt":"2022-10-24T09:24:11","guid":{"rendered":"https:\/\/www.colegiosantaana.es\/wordpress\/?page_id=33"},"modified":"2022-10-24T11:24:12","modified_gmt":"2022-10-24T09:24:12","slug":"ubicacion","status":"publish","type":"page","link":"https:\/\/www.colegiosantaana.es\/wordpress\/ubicacion\/","title":{"rendered":"Ubicaci\u00f3n"},"content":{"rendered":"\n<p>En el a\u00f1o 1963 D. Luis Arnau Moles, p\u00e1rroco de la iglesia Virgen de los \u00c1ngeles, decidi\u00f3 fundar un colegioen el entonces huerto de la \u201ccasa Abad\u00eda\u201d. Aconsejados por D. Luis Arnau Moles, decidieron ceder la gesti\u00f3n del Colegio a las Madres de San Jos\u00e9 de la Monta\u00f1a de las que era confesor y ten\u00eda una muy buena opini\u00f3n.<\/p>\n\n\n\n<p>En octubre de 1964 fue inaugurado el Colegio con el nombre de Santa Ana y San Jos\u00e9 de la Monta\u00f1a.<br>Desde el a\u00f1o 1976, el Colegio Santa Ana y San Jos\u00e9 de la Monta\u00f1a goza del Concierto ofrecido por la Generalitat Valenciana en materia escolar.<\/p>\n\n\n\n<figure class=\"wp-block-image size-full\"><img fetchpriority=\"high\" decoding=\"async\" width=\"454\" height=\"318\" src=\"https:\/\/www.colegiosantaana.es\/wordpress\/wp-content\/uploads\/2022\/10\/plano.jpg\" alt=\"\" class=\"wp-image-35\" srcset=\"https:\/\/www.colegiosantaana.es\/wordpress\/wp-content\/uploads\/2022\/10\/plano.jpg 454w, https:\/\/www.colegiosantaana.es\/wordpress\/wp-content\/uploads\/2022\/10\/plano-300x210.jpg 300w\" sizes=\"(max-width: 454px) 100vw, 454px\" \/><figcaption>Mapa<\/figcaption><\/figure>\n\n\n\n<figure class=\"wp-block-image size-large is-resized\"><img decoding=\"async\" src=\"https:\/\/www.colegiosantaana.es\/wordpress\/wp-content\/uploads\/2022\/10\/map-1024x481.png\" alt=\"\" class=\"wp-image-36\" width=\"452\" height=\"212\" srcset=\"https:\/\/www.colegiosantaana.es\/wordpress\/wp-content\/uploads\/2022\/10\/map-1024x481.png 1024w, https:\/\/www.colegiosantaana.es\/wordpress\/wp-content\/uploads\/2022\/10\/map-300x141.png 300w, https:\/\/www.colegiosantaana.es\/wordpress\/wp-content\/uploads\/2022\/10\/map-768x360.png 768w, https:\/\/www.colegiosantaana.es\/wordpress\/wp-content\/uploads\/2022\/10\/map.png 1125w\" sizes=\"(max-width: 452px) 100vw, 452px\" \/><figcaption>Plano<\/figcaption><\/figure>\n\n\n\n<figure class=\"wp-block-image size-full is-resized\"><img decoding=\"async\" src=\"https:\/\/www.colegiosantaana.es\/wordpress\/wp-content\/uploads\/2022\/10\/ubic.png\" alt=\"\" class=\"wp-image-37\" width=\"455\" height=\"298\" srcset=\"https:\/\/www.colegiosantaana.es\/wordpress\/wp-content\/uploads\/2022\/10\/ubic.png 510w, https:\/\/www.colegiosantaana.es\/wordpress\/wp-content\/uploads\/2022\/10\/ubic-300x196.png 300w\" sizes=\"(max-width: 455px) 100vw, 455px\" \/><\/figure>\n\n\n\n<p>Plaza de la Iglesia, 10<\/p>\n\n\n\n<p>Tel:&nbsp;&nbsp;&nbsp;&nbsp; 961261984<\/p>\n\n\n\n<p>Fax:&nbsp;&nbsp;&nbsp; 961266426<\/p>\n\n\n\n<p>Email:&nbsp;<a href=\"mailto:sasjm@planalfa.es\">sasjm@<\/a>colegiosantaana.es<\/p>\n\n\n\n<p>46470 \u2013ALBAL-<\/p>\n\n\n\n<p>(Latitud, Longitud)&nbsp;<strong>(39.397088, -0.414712)<\/strong><\/p>\n","protected":false},"excerpt":{"rendered":"<p>En el a\u00f1o 1963 D. Luis Arnau Moles, p\u00e1rroco de la iglesia Virgen de los \u00c1ngeles, decidi\u00f3 fundar un colegioen el entonces huerto de la \u201ccasa Abad\u00eda\u201d. Aconsejados por D. Luis Arnau Moles, decidieron ceder la gesti\u00f3n del Colegio a las Madres de San Jos\u00e9 de la Monta\u00f1a de las que era confesor y ten\u00eda &#8230; <a title=\"Ubicaci\u00f3n\" class=\"read-more\" href=\"https:\/\/www.colegiosantaana.es\/wordpress\/ubicacion\/\" aria-label=\"Leer m\u00e1s sobre Ubicaci\u00f3n\">Leer m\u00e1s<\/a><\/p>\n","protected":false},"author":1,"featured_media":0,"parent":0,"menu_order":0,"comment_status":"closed","ping_status":"closed","template":"","meta":{"footnotes":""},"class_list":["post-33","page","type-page","status-publish"],"_links":{"self":[{"href":"https:\/\/www.colegiosantaana.es\/wordpress\/wp-json\/wp\/v2\/pages\/33","targetHints":{"allow":["GET"]}}],"collection":[{"href":"https:\/\/www.colegiosantaana.es\/wordpress\/wp-json\/wp\/v2\/pages"}],"about":[{"href":"https:\/\/www.colegiosantaana.es\/wordpress\/wp-json\/wp\/v2\/types\/page"}],"author":[{"embeddable":true,"href":"https:\/\/www.colegiosantaana.es\/wordpress\/wp-json\/wp\/v2\/users\/1"}],"replies":[{"embeddable":true,"href":"https:\/\/www.colegiosantaana.es\/wordpress\/wp-json\/wp\/v2\/comments?post=33"}],"version-history":[{"count":1,"href":"https:\/\/www.colegiosantaana.es\/wordpress\/wp-json\/wp\/v2\/pages\/33\/revisions"}],"predecessor-version":[{"id":38,"href":"https:\/\/www.colegiosantaana.es\/wordpress\/wp-json\/wp\/v2\/pages\/33\/revisions\/38"}],"wp:attachment":[{"href":"https:\/\/www.colegiosantaana.es\/wordpress\/wp-json\/wp\/v2\/media?parent=33"}],"curies":[{"name":"wp","href":"https:\/\/api.w.org\/{rel}","templated":true}]}}