{"id":440,"date":"2023-01-23T11:28:10","date_gmt":"2023-01-23T10:28:10","guid":{"rendered":"https:\/\/www.colegiosantaana.es\/wordpress\/?page_id=440"},"modified":"2024-07-22T08:30:30","modified_gmt":"2024-07-22T06:30:30","slug":"plan-de-convivencia-e-igualdad","status":"publish","type":"page","link":"https:\/\/www.colegiosantaana.es\/wordpress\/plan-de-convivencia-e-igualdad\/","title":{"rendered":"Plan de convivencia e igualdad"},"content":{"rendered":"\n<div class=\"wp-block-columns is-layout-flex wp-container-core-columns-is-layout-9d6595d7 wp-block-columns-is-layout-flex\">\n<div class=\"wp-block-column is-layout-flow wp-block-column-is-layout-flow\"><div class=\"wp-block-image\">\n<figure class=\"aligncenter size-large is-resized\"><a href=\"https:\/\/docs.google.com\/document\/d\/1nNASeqilvHgnZ1Ao5f6Yf_SRsIi-HFqz2xKTobkSn4o\/edit?usp=sharing\"><img decoding=\"async\" src=\"https:\/\/fundaciontorresyprada.org\/wp-content\/uploads\/2021\/10\/como-mejorar-la-convivencia-social.jpg\" alt=\"\" style=\"aspect-ratio:1.5151515151515151;width:410px;height:auto\"\/><\/a><figcaption class=\"wp-element-caption\">Plan de Igualdad y Convivencia<\/figcaption><\/figure>\n<\/div><\/div>\n<\/div>\n\n\n\n<p>Todos somos conscientes de la incidencia que tienen en la escuela los hechos distorsionadores que vienen produci\u00e9ndose en la sociedad actual.<\/p>\n\n\n\n<p>Por tanto es un nuevo reto que se nos plantea como Centro docente con un ideario cat\u00f3lico para favorecer y propiciar a nuestros alumnos\/as el aprendizaje de vivir juntos. Ya que el aprender a convivir con los dem\u00e1s, adem\u00e1s de constituir una finalidad esencial de la educaci\u00f3n, no s\u00f3lo es valioso en s\u00ed mismo, sino imprescindible, si queremos que nuestros alumnos\/as alcancen esa educaci\u00f3n integral que defendemos en nuestro Car\u00e1cter propio.<\/p>\n\n\n\n<p>La mejora de la convivencia en el \u00e1mbito escolar es una preocupaci\u00f3n que cada d\u00eda adquiere mayor importancia en la sociedad, debido a una intensificaci\u00f3n de la violencia no en los colegios sino en la propia sociedad. Desde los medios de comunicaci\u00f3n parece que es noticia el aumento de violencia dentro de las aulas y por ello la sociedad se preocupa de dicha violencia y reclama una actuaci\u00f3n por parte de los centros hacia la misma.<\/p>\n\n\n\n<p>Por ello nuestro centro realiza este Plan de Convivencia, no para actuar contra la violencia, ya que llevamos mucho tiempo luchando y trabajando contra la misma, sino para hacer ver las actuaciones que llevamos dentro del centro y que queden recogidas en dicho plan.<\/p>\n\n\n\n<p>Para el Colegio LA CONVIVENCIA, adem\u00e1s de ser un medio de aprendizaje en s\u00ed mismo, proporciona el entorno adecuado para desarrollar la acci\u00f3n educativa.<\/p>\n\n\n\n<p>Por ello deseamos:<\/p>\n\n\n\n<ul class=\"wp-block-list\">\n<li>Fomentar un ambiente de convivencia y de trabajo sano en el centro, como condici\u00f3n indispensable para el desarrollo de un proceso educativo de calidad. Practicando la tolerancia y la solidaridad por parte de los alumnos.<\/li>\n\n\n\n<li>Desarrollar en los alumnos el sentido de la responsabilidad. Conociendo y respetando las normas de convivencia establecidas para conseguir un clima de trabajo adecuado (respeto a las personas, el material, las instalaciones).<\/li>\n<\/ul>\n","protected":false},"excerpt":{"rendered":"<p>Todos somos conscientes de la incidencia que tienen en la escuela los hechos distorsionadores que vienen produci\u00e9ndose en la sociedad actual. Por tanto es un nuevo reto que se nos plantea como Centro docente con un ideario cat\u00f3lico para favorecer y propiciar a nuestros alumnos\/as el aprendizaje de vivir juntos. Ya que el aprender a &#8230; <a title=\"Plan de convivencia e igualdad\" class=\"read-more\" href=\"https:\/\/www.colegiosantaana.es\/wordpress\/plan-de-convivencia-e-igualdad\/\" aria-label=\"Leer m\u00e1s sobre Plan de convivencia e igualdad\">Leer m\u00e1s<\/a><\/p>\n","protected":false},"author":1,"featured_media":0,"parent":0,"menu_order":0,"comment_status":"closed","ping_status":"closed","template":"","meta":{"footnotes":""},"class_list":["post-440","page","type-page","status-publish"],"_links":{"self":[{"href":"https:\/\/www.colegiosantaana.es\/wordpress\/wp-json\/wp\/v2\/pages\/440","targetHints":{"allow":["GET"]}}],"collection":[{"href":"https:\/\/www.colegiosantaana.es\/wordpress\/wp-json\/wp\/v2\/pages"}],"about":[{"href":"https:\/\/www.colegiosantaana.es\/wordpress\/wp-json\/wp\/v2\/types\/page"}],"author":[{"embeddable":true,"href":"https:\/\/www.colegiosantaana.es\/wordpress\/wp-json\/wp\/v2\/users\/1"}],"replies":[{"embeddable":true,"href":"https:\/\/www.colegiosantaana.es\/wordpress\/wp-json\/wp\/v2\/comments?post=440"}],"version-history":[{"count":3,"href":"https:\/\/www.colegiosantaana.es\/wordpress\/wp-json\/wp\/v2\/pages\/440\/revisions"}],"predecessor-version":[{"id":719,"href":"https:\/\/www.colegiosantaana.es\/wordpress\/wp-json\/wp\/v2\/pages\/440\/revisions\/719"}],"wp:attachment":[{"href":"https:\/\/www.colegiosantaana.es\/wordpress\/wp-json\/wp\/v2\/media?parent=440"}],"curies":[{"name":"wp","href":"https:\/\/api.w.org\/{rel}","templated":true}]}}