{"id":562,"date":"2023-11-11T14:21:54","date_gmt":"2023-11-11T13:21:54","guid":{"rendered":"https:\/\/www.colegiosantaana.es\/wordpress\/?page_id=562"},"modified":"2023-11-12T09:11:46","modified_gmt":"2023-11-12T08:11:46","slug":"fundamentacion-del-logotipo","status":"publish","type":"page","link":"https:\/\/www.colegiosantaana.es\/wordpress\/fundamentacion-del-logotipo\/","title":{"rendered":"Fundamentaci\u00f3n del logotipo"},"content":{"rendered":"<div class=\"wp-block-image\">\n<figure class=\"aligncenter size-full\"><img fetchpriority=\"high\" decoding=\"async\" width=\"267\" height=\"292\" src=\"https:\/\/www.colegiosantaana.es\/wordpress\/wp-content\/uploads\/2023\/11\/IMG_1919-1.jpeg\" alt=\"\" class=\"wp-image-570\"\/><\/figure>\n<\/div>\n\n\n<p>El logotipo cumple con los fundamentos de un buen logotipo en los siguientes aspectos:<\/p>\n\n\n\n<p><strong>Simplicidad<\/strong>: El logotipo es simple y f\u00e1cil de recordar. Los colores primarios y el dise\u00f1o minimalista lo hacen f\u00e1cilmente reconocible.<\/p>\n\n\n\n<p><strong>Relevancia<\/strong>: El logotipo es relevante para la instituci\u00f3n que representa. Los colores y la imagen de la persona dentro del cubo transmiten los valores del colegio.<\/p>\n\n\n\n<p><strong>Versatilidad<\/strong>: El logotipo es vers\u00e1til y puede ser utilizado en diferentes formatos y tama\u00f1os.<\/p>\n\n\n\n<p>Los colores <strong>rojo<\/strong> (Pantone 485C) y <strong>azul<\/strong> (Pantone 294C) son colores primarios que se asocian con la energ\u00eda, la pasi\u00f3n y la creatividad. El color <strong>negro <\/strong>(Pantone black 6C), por su parte, se asocia con la seriedad, la elegancia y la sofisticaci\u00f3n. La persona dentro del cubo representa a los estudiantes, que son el centro del colegio.<\/p>\n\n\n\n<p>La base pastoral del logotipo del Colegio Santa Ana es la fe cristiana. Los elementos del logotipo representan los valores y creencias de la escuela.<\/p>\n\n\n\n<p><strong>El cubo<\/strong> es un s\u00edmbolo de la solidez y la estabilidad de la fe. Tambi\u00e9n representa la unidad de la comunidad escolar.<\/p>\n\n\n\n<p><strong>El c\u00edrculo<\/strong> es un s\u00edmbolo de la perfecci\u00f3n y la eternidad de Dios. Tambi\u00e9n representa la diversidad y la inclusi\u00f3n de la escuela.<\/p>\n\n\n\n<p><strong>La letra \u00abS\u00bb <\/strong>es un s\u00edmbolo de la salvaci\u00f3n que ofrece Cristo. Tambi\u00e9n representa la sabidur\u00eda y el aprendizaje que se imparten en la escuela.<\/p>\n\n\n\n<p>En conclusi\u00f3n, el logotipo es un buen dise\u00f1o que cumple con los fundamentos de un logotipo eficaz. Es simple, relevante y vers\u00e1til, y transmite los valores del colegio.<\/p>\n\n\n\n<p>Albal, 08 de noviembre de 2023<\/p>\n","protected":false},"excerpt":{"rendered":"<p>El logotipo cumple con los fundamentos de un buen logotipo en los siguientes aspectos: Simplicidad: El logotipo es simple y f\u00e1cil de recordar. Los colores primarios y el dise\u00f1o minimalista lo hacen f\u00e1cilmente reconocible. Relevancia: El logotipo es relevante para la instituci\u00f3n que representa. Los colores y la imagen de la persona dentro del cubo &#8230; <a title=\"Fundamentaci\u00f3n del logotipo\" class=\"read-more\" href=\"https:\/\/www.colegiosantaana.es\/wordpress\/fundamentacion-del-logotipo\/\" aria-label=\"Leer m\u00e1s sobre Fundamentaci\u00f3n del logotipo\">Leer m\u00e1s<\/a><\/p>\n","protected":false},"author":1,"featured_media":0,"parent":0,"menu_order":0,"comment_status":"closed","ping_status":"closed","template":"","meta":{"footnotes":""},"class_list":["post-562","page","type-page","status-publish"],"_links":{"self":[{"href":"https:\/\/www.colegiosantaana.es\/wordpress\/wp-json\/wp\/v2\/pages\/562","targetHints":{"allow":["GET"]}}],"collection":[{"href":"https:\/\/www.colegiosantaana.es\/wordpress\/wp-json\/wp\/v2\/pages"}],"about":[{"href":"https:\/\/www.colegiosantaana.es\/wordpress\/wp-json\/wp\/v2\/types\/page"}],"author":[{"embeddable":true,"href":"https:\/\/www.colegiosantaana.es\/wordpress\/wp-json\/wp\/v2\/users\/1"}],"replies":[{"embeddable":true,"href":"https:\/\/www.colegiosantaana.es\/wordpress\/wp-json\/wp\/v2\/comments?post=562"}],"version-history":[{"count":2,"href":"https:\/\/www.colegiosantaana.es\/wordpress\/wp-json\/wp\/v2\/pages\/562\/revisions"}],"predecessor-version":[{"id":572,"href":"https:\/\/www.colegiosantaana.es\/wordpress\/wp-json\/wp\/v2\/pages\/562\/revisions\/572"}],"wp:attachment":[{"href":"https:\/\/www.colegiosantaana.es\/wordpress\/wp-json\/wp\/v2\/media?parent=562"}],"curies":[{"name":"wp","href":"https:\/\/api.w.org\/{rel}","templated":true}]}}