{"id":86,"date":"2022-11-07T10:59:12","date_gmt":"2022-11-07T09:59:12","guid":{"rendered":"https:\/\/www.colegiosantaana.es\/wordpress\/?page_id=86"},"modified":"2024-08-03T09:02:44","modified_gmt":"2024-08-03T07:02:44","slug":"contacto","status":"publish","type":"page","link":"https:\/\/www.colegiosantaana.es\/wordpress\/contacto\/","title":{"rendered":"Contacto"},"content":{"rendered":"\n<p>Colegio Privado Concertado Santa Ana y San Jos\u00e9 de la Monta\u00f1a<\/p>\n\n\n\n<p><strong>C\u00f3digo de centro<\/strong>: 46000249<\/p>\n\n\n\n<p><strong>Tel:<\/strong>\u00a0\u00a0\u00a0\u00a0 961261984<\/p>\n\n\n\n<p><strong>Fax:<\/strong>\u00a0\u00a0\u00a0 961266426<\/p>\n\n\n\n<p><strong>Email:<\/strong>\u00a0<a href=\"mailto:sasjm@colegiosantaana.es\">sasjm@colegiosantaana.es<\/a><\/p>\n\n\n\n<p><strong>Web:<\/strong>\u00a0<a href=\"https:\/\/www.colegiosantaana.es\/\" target=\"_blank\" rel=\"noreferrer noopener\">http:\/\/colegiosantaana.es<\/a><\/p>\n\n\n\n<p><strong>X: <\/strong><a href=\"https:\/\/twitter.com\/santaanaalbal?lang=es\">@santaanaalbal<\/a><\/p>\n\n\n\n<p><strong>Instagram<\/strong>: <a href=\"https:\/\/www.instagram.com\/santaanaalbal\/\">@santaanaalbal<\/a><\/p>\n\n\n\n<p>Plaza de la Iglesia, 10<\/p>\n\n\n\n<p>46470  &#8211; ALBAL &#8211; VALENCIA<\/p>\n","protected":false},"excerpt":{"rendered":"<p>Colegio Privado Concertado Santa Ana y San Jos\u00e9 de la Monta\u00f1a C\u00f3digo de centro: 46000249 Tel:\u00a0\u00a0\u00a0\u00a0 961261984 Fax:\u00a0\u00a0\u00a0 961266426 Email:\u00a0sasjm@colegiosantaana.es Web:\u00a0http:\/\/colegiosantaana.es X: @santaanaalbal Instagram: @santaanaalbal Plaza de la Iglesia, 10 46470 &#8211; ALBAL &#8211; VALENCIA<\/p>\n","protected":false},"author":1,"featured_media":0,"parent":0,"menu_order":0,"comment_status":"closed","ping_status":"closed","template":"","meta":{"footnotes":""},"class_list":["post-86","page","type-page","status-publish"],"_links":{"self":[{"href":"https:\/\/www.colegiosantaana.es\/wordpress\/wp-json\/wp\/v2\/pages\/86","targetHints":{"allow":["GET"]}}],"collection":[{"href":"https:\/\/www.colegiosantaana.es\/wordpress\/wp-json\/wp\/v2\/pages"}],"about":[{"href":"https:\/\/www.colegiosantaana.es\/wordpress\/wp-json\/wp\/v2\/types\/page"}],"author":[{"embeddable":true,"href":"https:\/\/www.colegiosantaana.es\/wordpress\/wp-json\/wp\/v2\/users\/1"}],"replies":[{"embeddable":true,"href":"https:\/\/www.colegiosantaana.es\/wordpress\/wp-json\/wp\/v2\/comments?post=86"}],"version-history":[{"count":3,"href":"https:\/\/www.colegiosantaana.es\/wordpress\/wp-json\/wp\/v2\/pages\/86\/revisions"}],"predecessor-version":[{"id":793,"href":"https:\/\/www.colegiosantaana.es\/wordpress\/wp-json\/wp\/v2\/pages\/86\/revisions\/793"}],"wp:attachment":[{"href":"https:\/\/www.colegiosantaana.es\/wordpress\/wp-json\/wp\/v2\/media?parent=86"}],"curies":[{"name":"wp","href":"https:\/\/api.w.org\/{rel}","templated":true}]}}